{"id":4889,"date":"2023-10-09T12:13:35","date_gmt":"2023-10-09T12:13:35","guid":{"rendered":"https:\/\/antalya55.com\/sepet\/"},"modified":"2024-01-17T08:16:20","modified_gmt":"2024-01-17T08:16:20","slug":"sepet","status":"publish","type":"page","link":"https:\/\/antalya55.com\/tr\/sepet\/","title":{"rendered":"Sepet"},"content":{"rendered":"\n","protected":false},"excerpt":{"rendered":"","protected":false},"author":1,"featured_media":4645,"parent":0,"menu_order":0,"comment_status":"closed","ping_status":"closed","template":"","meta":{"footnotes":""},"class_list":["post-4889","page","type-page","status-publish","has-post-thumbnail","hentry"],"yoast_head":"<!-- This site is optimized with the Yoast SEO Premium plugin v21.1 (Yoast SEO v27.4) - https:\/\/yoast.com\/product\/yoast-seo-premium-wordpress\/ -->\n<title>Sepet - Antalya 55<\/title>\n<meta name=\"description\" content=\"Sipari\u015flerinizin sepeti. K\u0131sa formu doldurun, \u00f6deme sisteminizi se\u00e7in ve online veya nakit \u00f6deme yap\u0131n.\" \/>\n<meta name=\"robots\" content=\"index, follow, max-snippet:-1, max-image-preview:large, max-video-preview:-1\" \/>\n<link rel=\"canonical\" href=\"https:\/\/antalya55.com\/tr\/sepet\/\" \/>\n<meta property=\"og:locale\" content=\"tr_TR\" \/>\n<meta property=\"og:type\" content=\"article\" \/>\n<meta property=\"og:title\" content=\"Sepet\" \/>\n<meta property=\"og:description\" content=\"Sipari\u015flerinizin sepeti. K\u0131sa formu doldurun, \u00f6deme sisteminizi se\u00e7in ve online veya nakit \u00f6deme yap\u0131n.\" \/>\n<meta property=\"og:url\" content=\"https:\/\/antalya55.com\/tr\/sepet\/\" \/>\n<meta property=\"og:site_name\" content=\"Antalya 55\" \/>\n<meta property=\"article:modified_time\" content=\"2024-01-17T08:16:20+00:00\" \/>\n<meta property=\"og:image\" content=\"https:\/\/antalya55.com\/wp-content\/uploads\/2023\/12\/kemer_city_tour_description.webp\" \/>\n\t<meta property=\"og:image:width\" content=\"1920\" \/>\n\t<meta property=\"og:image:height\" content=\"1080\" \/>\n\t<meta property=\"og:image:type\" content=\"image\/webp\" \/>\n<meta name=\"twitter:card\" content=\"summary_large_image\" \/>\n<meta name=\"twitter:label1\" content=\"Tahmini okuma s\u00fcresi\" \/>\n\t<meta name=\"twitter:data1\" content=\"1 dakika\" \/>\n<script type=\"application\/ld+json\" class=\"yoast-schema-graph\">{\"@context\":\"https:\\\/\\\/schema.org\",\"@graph\":[{\"@type\":\"WebPage\",\"@id\":\"https:\\\/\\\/antalya55.com\\\/tr\\\/sepet\\\/\",\"url\":\"https:\\\/\\\/antalya55.com\\\/tr\\\/sepet\\\/\",\"name\":\"Sepet - Antalya 55\",\"isPartOf\":{\"@id\":\"https:\\\/\\\/antalya55.com\\\/tr\\\/#website\"},\"primaryImageOfPage\":{\"@id\":\"https:\\\/\\\/antalya55.com\\\/tr\\\/sepet\\\/#primaryimage\"},\"image\":{\"@id\":\"https:\\\/\\\/antalya55.com\\\/tr\\\/sepet\\\/#primaryimage\"},\"thumbnailUrl\":\"https:\\\/\\\/antalya55.com\\\/wp-content\\\/uploads\\\/2023\\\/12\\\/kemer_city_tour_description.webp\",\"datePublished\":\"2023-10-09T12:13:35+00:00\",\"dateModified\":\"2024-01-17T08:16:20+00:00\",\"description\":\"Sipari\u015flerinizin sepeti. K\u0131sa formu doldurun, \u00f6deme sisteminizi se\u00e7in ve online veya nakit \u00f6deme yap\u0131n.\",\"breadcrumb\":{\"@id\":\"https:\\\/\\\/antalya55.com\\\/tr\\\/sepet\\\/#breadcrumb\"},\"inLanguage\":\"tr\",\"potentialAction\":[{\"@type\":\"ReadAction\",\"target\":[\"https:\\\/\\\/antalya55.com\\\/tr\\\/sepet\\\/\"]}]},{\"@type\":\"ImageObject\",\"inLanguage\":\"tr\",\"@id\":\"https:\\\/\\\/antalya55.com\\\/tr\\\/sepet\\\/#primaryimage\",\"url\":\"https:\\\/\\\/antalya55.com\\\/wp-content\\\/uploads\\\/2023\\\/12\\\/kemer_city_tour_description.webp\",\"contentUrl\":\"https:\\\/\\\/antalya55.com\\\/wp-content\\\/uploads\\\/2023\\\/12\\\/kemer_city_tour_description.webp\",\"width\":1920,\"height\":1080,\"caption\":\"kemer_city_tour-description\"},{\"@type\":\"BreadcrumbList\",\"@id\":\"https:\\\/\\\/antalya55.com\\\/tr\\\/sepet\\\/#breadcrumb\",\"itemListElement\":[{\"@type\":\"ListItem\",\"position\":1,\"name\":\"Home\",\"item\":\"https:\\\/\\\/antalya55.com\\\/tr\\\/\"},{\"@type\":\"ListItem\",\"position\":2,\"name\":\"Sepet\"}]},{\"@type\":\"WebSite\",\"@id\":\"https:\\\/\\\/antalya55.com\\\/tr\\\/#website\",\"url\":\"https:\\\/\\\/antalya55.com\\\/tr\\\/\",\"name\":\"Antalya 55\",\"description\":\"Excursions, transfers, VIP-service\",\"potentialAction\":[{\"@type\":\"SearchAction\",\"target\":{\"@type\":\"EntryPoint\",\"urlTemplate\":\"https:\\\/\\\/antalya55.com\\\/tr\\\/?s={search_term_string}\"},\"query-input\":{\"@type\":\"PropertyValueSpecification\",\"valueRequired\":true,\"valueName\":\"search_term_string\"}}],\"inLanguage\":\"tr\"}]}<\/script>\n<!-- \/ Yoast SEO Premium plugin. -->","yoast_head_json":{"title":"Sepet - Antalya 55","description":"Sipari\u015flerinizin sepeti. K\u0131sa formu doldurun, \u00f6deme sisteminizi se\u00e7in ve online veya nakit \u00f6deme yap\u0131n.","robots":{"index":"index","follow":"follow","max-snippet":"max-snippet:-1","max-image-preview":"max-image-preview:large","max-video-preview":"max-video-preview:-1"},"canonical":"https:\/\/antalya55.com\/tr\/sepet\/","og_locale":"tr_TR","og_type":"article","og_title":"Sepet","og_description":"Sipari\u015flerinizin sepeti. K\u0131sa formu doldurun, \u00f6deme sisteminizi se\u00e7in ve online veya nakit \u00f6deme yap\u0131n.","og_url":"https:\/\/antalya55.com\/tr\/sepet\/","og_site_name":"Antalya 55","article_modified_time":"2024-01-17T08:16:20+00:00","og_image":[{"width":1920,"height":1080,"url":"https:\/\/antalya55.com\/wp-content\/uploads\/2023\/12\/kemer_city_tour_description.webp","type":"image\/webp"}],"twitter_card":"summary_large_image","twitter_misc":{"Tahmini okuma s\u00fcresi":"1 dakika"},"schema":{"@context":"https:\/\/schema.org","@graph":[{"@type":"WebPage","@id":"https:\/\/antalya55.com\/tr\/sepet\/","url":"https:\/\/antalya55.com\/tr\/sepet\/","name":"Sepet - Antalya 55","isPartOf":{"@id":"https:\/\/antalya55.com\/tr\/#website"},"primaryImageOfPage":{"@id":"https:\/\/antalya55.com\/tr\/sepet\/#primaryimage"},"image":{"@id":"https:\/\/antalya55.com\/tr\/sepet\/#primaryimage"},"thumbnailUrl":"https:\/\/antalya55.com\/wp-content\/uploads\/2023\/12\/kemer_city_tour_description.webp","datePublished":"2023-10-09T12:13:35+00:00","dateModified":"2024-01-17T08:16:20+00:00","description":"Sipari\u015flerinizin sepeti. K\u0131sa formu doldurun, \u00f6deme sisteminizi se\u00e7in ve online veya nakit \u00f6deme yap\u0131n.","breadcrumb":{"@id":"https:\/\/antalya55.com\/tr\/sepet\/#breadcrumb"},"inLanguage":"tr","potentialAction":[{"@type":"ReadAction","target":["https:\/\/antalya55.com\/tr\/sepet\/"]}]},{"@type":"ImageObject","inLanguage":"tr","@id":"https:\/\/antalya55.com\/tr\/sepet\/#primaryimage","url":"https:\/\/antalya55.com\/wp-content\/uploads\/2023\/12\/kemer_city_tour_description.webp","contentUrl":"https:\/\/antalya55.com\/wp-content\/uploads\/2023\/12\/kemer_city_tour_description.webp","width":1920,"height":1080,"caption":"kemer_city_tour-description"},{"@type":"BreadcrumbList","@id":"https:\/\/antalya55.com\/tr\/sepet\/#breadcrumb","itemListElement":[{"@type":"ListItem","position":1,"name":"Home","item":"https:\/\/antalya55.com\/tr\/"},{"@type":"ListItem","position":2,"name":"Sepet"}]},{"@type":"WebSite","@id":"https:\/\/antalya55.com\/tr\/#website","url":"https:\/\/antalya55.com\/tr\/","name":"Antalya 55","description":"Excursions, transfers, VIP-service","potentialAction":[{"@type":"SearchAction","target":{"@type":"EntryPoint","urlTemplate":"https:\/\/antalya55.com\/tr\/?s={search_term_string}"},"query-input":{"@type":"PropertyValueSpecification","valueRequired":true,"valueName":"search_term_string"}}],"inLanguage":"tr"}]}},"_links":{"self":[{"href":"https:\/\/antalya55.com\/tr\/wp-json\/wp\/v2\/pages\/4889","targetHints":{"allow":["GET"]}}],"collection":[{"href":"https:\/\/antalya55.com\/tr\/wp-json\/wp\/v2\/pages"}],"about":[{"href":"https:\/\/antalya55.com\/tr\/wp-json\/wp\/v2\/types\/page"}],"author":[{"embeddable":true,"href":"https:\/\/antalya55.com\/tr\/wp-json\/wp\/v2\/users\/1"}],"replies":[{"embeddable":true,"href":"https:\/\/antalya55.com\/tr\/wp-json\/wp\/v2\/comments?post=4889"}],"version-history":[{"count":3,"href":"https:\/\/antalya55.com\/tr\/wp-json\/wp\/v2\/pages\/4889\/revisions"}],"predecessor-version":[{"id":4898,"href":"https:\/\/antalya55.com\/tr\/wp-json\/wp\/v2\/pages\/4889\/revisions\/4898"}],"wp:featuredmedia":[{"embeddable":true,"href":"https:\/\/antalya55.com\/tr\/wp-json\/wp\/v2\/media\/4645"}],"wp:attachment":[{"href":"https:\/\/antalya55.com\/tr\/wp-json\/wp\/v2\/media?parent=4889"}],"curies":[{"name":"wp","href":"https:\/\/api.w.org\/{rel}","templated":true}]}}